{"id":348,"date":"2024-09-04T09:40:54","date_gmt":"2024-09-04T09:40:54","guid":{"rendered":"https:\/\/slang.me\/?page_id=348"},"modified":"2024-09-04T09:56:20","modified_gmt":"2024-09-04T09:56:20","slug":"warum","status":"publish","type":"page","link":"https:\/\/slang.me\/index.php\/warum\/","title":{"rendered":"Warum"},"content":{"rendered":"\t\t<div data-elementor-type=\"wp-page\" data-elementor-id=\"348\" class=\"elementor elementor-348\" data-elementor-post-type=\"page\">\n\t\t\t\t<div class=\"elementor-element elementor-element-3da72686 e-flex e-con-boxed e-con e-parent\" data-id=\"3da72686\" data-element_type=\"container\" data-e-type=\"container\" data-settings=\"{&quot;background_background&quot;:&quot;gradient&quot;,&quot;shape_divider_bottom&quot;:&quot;waves&quot;}\">\n\t\t\t\t\t<div class=\"e-con-inner\">\n\t\t\t\t<div class=\"elementor-shape elementor-shape-bottom\" aria-hidden=\"true\" data-negative=\"false\">\n\t\t\t<svg xmlns=\"http:\/\/www.w3.org\/2000\/svg\" viewBox=\"0 0 1000 100\" preserveAspectRatio=\"none\">\n\t<path class=\"elementor-shape-fill\" d=\"M421.9,6.5c22.6-2.5,51.5,0.4,75.5,5.3c23.6,4.9,70.9,23.5,100.5,35.7c75.8,32.2,133.7,44.5,192.6,49.7\n\tc23.6,2.1,48.7,3.5,103.4-2.5c54.7-6,106.2-25.6,106.2-25.6V0H0v30.3c0,0,72,32.6,158.4,30.5c39.2-0.7,92.8-6.7,134-22.4\n\tc21.2-8.1,52.2-18.2,79.7-24.2C399.3,7.9,411.6,7.5,421.9,6.5z\"\/>\n<\/svg>\t\t<\/div>\n\t\t\t\t<div class=\"elementor-element elementor-element-71c98444 elementor-widget elementor-widget-heading\" data-id=\"71c98444\" data-element_type=\"widget\" data-e-type=\"widget\" data-widget_type=\"heading.default\">\n\t\t\t\t<div class=\"elementor-widget-container\">\n\t\t\t\t\t<h1 class=\"elementor-heading-title elementor-size-default\">WARUM<\/h1>\t\t\t\t<\/div>\n\t\t\t\t<\/div>\n\t\t\t\t<div class=\"elementor-element elementor-element-2cf750e2 elementor-widget elementor-widget-heading\" data-id=\"2cf750e2\" data-element_type=\"widget\" data-e-type=\"widget\" data-widget_type=\"heading.default\">\n\t\t\t\t<div class=\"elementor-widget-container\">\n\t\t\t\t\t<h3 class=\"elementor-heading-title elementor-size-default\">Wie der Arbeitsmarkt sich bis 2025 entwickelt<\/h3>\t\t\t\t<\/div>\n\t\t\t\t<\/div>\n\t\t\t\t\t<\/div>\n\t\t\t\t<\/div>\n\t\t<div class=\"elementor-element elementor-element-6cfa3e0 e-flex e-con-boxed e-con e-parent\" data-id=\"6cfa3e0\" data-element_type=\"container\" data-e-type=\"container\">\n\t\t\t\t\t<div class=\"e-con-inner\">\n\t\t\t\t<div class=\"elementor-element elementor-element-947e339 elementor-widget elementor-widget-heading\" data-id=\"947e339\" data-element_type=\"widget\" data-e-type=\"widget\" data-widget_type=\"heading.default\">\n\t\t\t\t<div class=\"elementor-widget-container\">\n\t\t\t\t\t<h2 class=\"elementor-heading-title elementor-size-default\">slang.me - Integrationsberatung und Sprachkurse f\u00fcr KMU\n<\/h2>\t\t\t\t<\/div>\n\t\t\t\t<\/div>\n\t\t\t\t<div class=\"elementor-element elementor-element-0197ed4 elementor-widget elementor-widget-heading\" data-id=\"0197ed4\" data-element_type=\"widget\" data-e-type=\"widget\" data-widget_type=\"heading.default\">\n\t\t\t\t<div class=\"elementor-widget-container\">\n\t\t\t\t\t<h4 class=\"elementor-heading-title elementor-size-default\">Ausgangssituation<\/h4>\t\t\t\t<\/div>\n\t\t\t\t<\/div>\n\t\t\t\t<div class=\"elementor-element elementor-element-753ba5f elementor-widget elementor-widget-text-editor\" data-id=\"753ba5f\" data-element_type=\"widget\" data-e-type=\"widget\" data-widget_type=\"text-editor.default\">\n\t\t\t\t<div class=\"elementor-widget-container\">\n\t\t\t\t\t\t\t\t\t<p>Bis 2025 gehen deutschlandweit 20% aller Arbeitnehmer in Rente. In Ostdeutschland trifft dies sogar auf 26% aller Arbeitnehmer zu.<br \/><br \/>Aus dem Handlungskonzept der Fachkr\u00e4fteallianz der Stadt Chemnitz geht hervor, da\u00df Chemnitz derzeit rund 119.000 sozialversicherungspflichtige Besch\u00e4ftigte hat.<br \/><br \/>Daraus ergibt sich, da\u00df rein rechnerisch in den n\u00e4chsten 10 Jahren allein in Chemnitz rund 31.000 Arbeitnehmer durch Renteneintritt dem Arbeitsmarkt entzogen werden. Sachsen- und deutschlandweit sind die Zahlen entsprechend proportional.<br \/><br \/>Durch Ma\u00dfnahmen wie einen sp\u00e4teren Renteneintritt, attraktive Angebote f\u00fcr arbeitende Rentner oder die Aktivierung von Frauen f\u00fcr den Arbeitsmarkt wird der Gesetzgeber versuchen, der Situation entgegen zu wirken.\u00a0<br \/><br \/>Technologie f\u00fcr Automatisierung oder KI wird einen leichten Kompensationsbeitrag leisten.<br \/><br \/>Der Effekt der Pensionierung ohne Nachr\u00fccker ist in den staatlichen Verwaltungen und Beh\u00f6rden teilweise noch gravierender als in der Wirtschaft. Daher werden sich Beh\u00f6rden und staatliche Verwaltungen am Arbeitsmarkt \u201ebedienen\u201c (m\u00fcssen), da viele Aufgaben des Staates nur durch deutsche Staatsb\u00fcrger erledigt werden d\u00fcrfen (hoheitliche Aufgaben). Die Wirtschaft wird auch an dieser Stelle mit einem sogenannten Braindrain konfrontiert.<br \/><br \/>Die neuen Rentner sind nun Anspruchsteller gegen\u00fcber dem Sozialsystem. Gleichzeitig fehlen sie dem System als Einzahler. Es entsteht eine extreme Finanzierungsl\u00fccke der Sozialsyseme.<br \/><br \/>Die entsprechenden Auswirkungen auf das System sollen hiermit nur angedeutet aber nicht weiter ausgef\u00fchrt werden.<\/p>\t\t\t\t\t\t\t\t<\/div>\n\t\t\t\t<\/div>\n\t\t\t\t<div class=\"elementor-element elementor-element-fc80e63 elementor-widget elementor-widget-heading\" data-id=\"fc80e63\" data-element_type=\"widget\" data-e-type=\"widget\" data-widget_type=\"heading.default\">\n\t\t\t\t<div class=\"elementor-widget-container\">\n\t\t\t\t\t<h4 class=\"elementor-heading-title elementor-size-default\">Ausblick<\/h4>\t\t\t\t<\/div>\n\t\t\t\t<\/div>\n\t\t\t\t<div class=\"elementor-element elementor-element-26a4257 elementor-widget elementor-widget-text-editor\" data-id=\"26a4257\" data-element_type=\"widget\" data-e-type=\"widget\" data-widget_type=\"text-editor.default\">\n\t\t\t\t<div class=\"elementor-widget-container\">\n\t\t\t\t\t\t\t\t\t<p>Im Ergebnis der vorliegenden Faktenlage bleibt der Wirtschaft nur die gezielte Anwerbung ausl\u00e4ndischer Fachkr\u00e4fte. Andere L\u00e4nder haben daf\u00fcr bereits seit Jahren oder Jahrzehnten entsprechende Modelle. Gesetzliche Rahmenbedingungen werden daf\u00fcr zwangsl\u00e4ufig geschaffen werden m\u00fcssen, sofern sie noch nicht vorhanden sind.<\/p><p>Eine unbesetzte Stelle kostet aktuell je nach Branche und Arbeitsplatz durchschnittlich zwischen 75.000 und 150.000 Euro pro Jahr. Diese Kosten werden durch erh\u00f6hte Anwerbungskosten und den vielbeschworenen \u201eKrieg um die Talente\u201c (war for talents) in naher Zukunft enorm steigen.<\/p><p>Die gezielte Anwerbung ausl\u00e4ndischer Fachkr\u00e4fte ist mit hohen Kosten verbunden. In sofern ist jeder neu angeworbene Mitarbeiter (mit Migrationshintergrund) als besondere Investition f\u00fcr das jeweilige Unternehmen zu betrachten, die es bestm\u00f6glich abzusichern gilt.<\/p><p>Ein entscheidender Teil einer solchen (Investitions-) Absicherung ist die gelingende Integration der Erwerbsmigranten in das Unternehmen und in die Gesellschaft. Dabei kommen dem Unternehmen und der Gesellschaft gleicherma\u00dfen Verantwortungen zu.<\/p><p>Der Unterschied der gezielten Erwerbsmigration zur bisherigen Fl\u00fcchtlingsmigration besteht darin, da\u00df nur geeignete Arbeitskr\u00e4fte mit einer Arbeitsplatzgarantie nach Deutschland geholt werden. Diese zahlen in das Sozialsystem ein und beteiligen sich aktiv am Bruttoinlandsprodukt. Die Unternehmen sind an der Bindung dieser Mitarbeiter in besonderer Weise interessiert und werden daf\u00fcr Budgets zur Verf\u00fcgung stellen (Budgets f\u00fcr Integration, Sprachausbildung und Mitarbeiterbindungsprogramme).<\/p><p>Nicht zuletzt ist der positive Effekt der gezielten Erwerbsmigration f\u00fcr die Sozialsysteme zu nennen und der damit verbundene Nachfrageschub. Die Arbeitnehmer, die in den n\u00e4chsten 10 Jahren in Rente gehen, bleiben als Konsumenten durchschnittlich noch 20 Jahren erhalten, setzt man eine Lebenserwartung von 85 Jahren an. Die gezielt angeworbenen Fachkr\u00e4fte (mit und ohne Migrationshintergrund) kommen dem Markt als zus\u00e4tzliche Konsumenten zu Gute.<\/p>\t\t\t\t\t\t\t\t<\/div>\n\t\t\t\t<\/div>\n\t\t\t\t<div class=\"elementor-element elementor-element-288c8d6 elementor-widget elementor-widget-heading\" data-id=\"288c8d6\" data-element_type=\"widget\" data-e-type=\"widget\" data-widget_type=\"heading.default\">\n\t\t\t\t<div class=\"elementor-widget-container\">\n\t\t\t\t\t<h4 class=\"elementor-heading-title elementor-size-default\">L\u00f6sung<\/h4>\t\t\t\t<\/div>\n\t\t\t\t<\/div>\n\t\t\t\t<div class=\"elementor-element elementor-element-378a34e elementor-widget elementor-widget-text-editor\" data-id=\"378a34e\" data-element_type=\"widget\" data-e-type=\"widget\" data-widget_type=\"text-editor.default\">\n\t\t\t\t<div class=\"elementor-widget-container\">\n\t\t\t\t\t\t\t\t\t<p>Eine ma\u00dfgebliche L\u00f6sung der Situation am Arbeitsmarkt wird in der gezielten Anwerbung von Fachkr\u00e4ften im Ausland liegen.\u00a0<\/p><p>Dabei ist die Arbeitsmigration nicht mit der Fl\u00fcchtlingsmigration zu vergleichen.\u00a0<\/p><p><span style=\"font-family: var( --e-global-typography-text-font-family ), Sans-serif; font-size: var( --e-global-typography-text-font-size ); text-align: var(--text-align);\">Um die Investition, die eine Anwerbung von Fachkr\u00e4ften im Ausland darstellt, abzusichern, ist eine konsequente Integration beginnend beim Erwerb der deutschen Sprache notwendig.<\/span><\/p><p>Integration und Spracherwerb wird mit sehr hohen Zusch\u00fcssen vom Staat gef\u00f6rdert. Die Unternehmen werden in besonderer Weise bei diesen Aufgaben unterst\u00fctzt.<\/p><p>Haben Sie Fragen zu professioneller Integrationsarbeit, zum Erwerb der deutschen Sprache f\u00fcr Ihre Mitarbeiter und die entsprechenden F\u00f6rderprogramme, kontaktieren Sie uns jetzt.<\/p>\t\t\t\t\t\t\t\t<\/div>\n\t\t\t\t<\/div>\n\t\t\t\t\t<\/div>\n\t\t\t\t<\/div>\n\t\t<div class=\"elementor-element elementor-element-2b49701a e-flex e-con-boxed e-con e-parent\" data-id=\"2b49701a\" data-element_type=\"container\" data-e-type=\"container\" data-settings=\"{&quot;background_background&quot;:&quot;classic&quot;}\">\n\t\t\t\t\t<div class=\"e-con-inner\">\n\t\t<div class=\"elementor-element elementor-element-3f8aa2a8 e-con-full e-flex e-con e-child\" data-id=\"3f8aa2a8\" data-element_type=\"container\" data-e-type=\"container\" data-settings=\"{&quot;motion_fx_motion_fx_scrolling&quot;:&quot;yes&quot;,&quot;motion_fx_translateY_effect&quot;:&quot;yes&quot;,&quot;motion_fx_translateY_speed&quot;:{&quot;unit&quot;:&quot;px&quot;,&quot;size&quot;:&quot;1&quot;,&quot;sizes&quot;:[]},&quot;motion_fx_translateY_affectedRange&quot;:{&quot;unit&quot;:&quot;%&quot;,&quot;size&quot;:&quot;&quot;,&quot;sizes&quot;:{&quot;start&quot;:&quot;0&quot;,&quot;end&quot;:&quot;50&quot;}},&quot;motion_fx_opacity_effect&quot;:&quot;yes&quot;,&quot;motion_fx_opacity_range&quot;:{&quot;unit&quot;:&quot;%&quot;,&quot;size&quot;:&quot;&quot;,&quot;sizes&quot;:{&quot;start&quot;:&quot;0&quot;,&quot;end&quot;:&quot;50&quot;}},&quot;motion_fx_devices&quot;:[&quot;desktop&quot;,&quot;tablet&quot;],&quot;motion_fx_opacity_direction&quot;:&quot;out-in&quot;,&quot;motion_fx_opacity_level&quot;:{&quot;unit&quot;:&quot;px&quot;,&quot;size&quot;:10,&quot;sizes&quot;:[]}}\">\n\t\t<div class=\"elementor-element elementor-element-4be41a25 e-con-full e-flex e-con e-child\" data-id=\"4be41a25\" data-element_type=\"container\" data-e-type=\"container\" data-settings=\"{&quot;background_background&quot;:&quot;classic&quot;}\">\n\t\t\t\t<div class=\"elementor-element elementor-element-4e3164ff elementor-view-default elementor-position-block-start elementor-mobile-position-block-start elementor-widget elementor-widget-icon-box\" data-id=\"4e3164ff\" data-element_type=\"widget\" data-e-type=\"widget\" data-widget_type=\"icon-box.default\">\n\t\t\t\t<div class=\"elementor-widget-container\">\n\t\t\t\t\t\t\t<div class=\"elementor-icon-box-wrapper\">\n\n\t\t\t\t\t\t<div class=\"elementor-icon-box-icon\">\n\t\t\t\t<span  class=\"elementor-icon\">\n\t\t\t\t<svg xmlns=\"http:\/\/www.w3.org\/2000\/svg\" id=\"bffe9e3b-c455-4940-8d89-69a49a55460f\" data-name=\"Layer 1\" width=\"75.0869\" height=\"66\" viewBox=\"0 0 75.0869 66\"><path id=\"b124f0a4-2d57-4ec2-a504-61dc8352ccd4\" data-name=\"Fill-1\" d=\"M53.3653,19.386c-9.8693,32.2855,6.1235,31.8329-7.1389,41.2306A29.1943,29.1943,0,0,1,5.3387,53.4179a29.7533,29.7533,0,0,1,7.1385-41.23C25.74,2.79,63.2345-12.8994,53.3653,19.386\" style=\"fill-rule:evenodd;opacity:0.05\"><\/path><path d=\"M75.0864,51.3619V16.2805l.0005-.0025-.0005-.0024V13.7721A8.7816,8.7816,0,0,0,66.3154,5H48.7714A8.7816,8.7816,0,0,0,40,13.7721v2.5032L40,16.278,40,16.2808V51.3616L40,51.3644,40,51.3671v5.01a8.7814,8.7814,0,0,0,8.771,8.771h17.544a8.7814,8.7814,0,0,0,8.771-8.771v-5.01l.0005-.0024ZM42.5054,17.531H72.58v32.58H42.5054Zm6.266-10.0249h17.544a6.2723,6.2723,0,0,1,6.265,6.266V15.025H42.5054V13.7721A6.2732,6.2732,0,0,1,48.7714,7.5061Zm17.544,55.136H48.7714a6.2723,6.2723,0,0,1-6.266-6.265v-3.76H72.58v3.76A6.2715,6.2715,0,0,1,66.3154,62.6421Z\" style=\"fill-rule:evenodd\"><\/path><path d=\"M57.5429,55.124A2.506,2.506,0,1,0,60.05,57.63,2.5086,2.5086,0,0,0,57.5429,55.124Z\" style=\"fill-rule:evenodd\"><\/path><path d=\"M53.7836,12.5188h7.519a1.253,1.253,0,0,0,0-2.506h-7.519a1.253,1.253,0,0,0,0,2.506Z\" style=\"fill-rule:evenodd\"><\/path><path d=\"M66.3651,12.5188a1.253,1.253,0,1,0,0-2.506H66.34a1.2422,1.2422,0,0,0-1.241,1.253A1.2642,1.2642,0,0,0,66.3651,12.5188Z\" style=\"fill-rule:evenodd\"><\/path><\/svg>\t\t\t\t<\/span>\n\t\t\t<\/div>\n\t\t\t\n\t\t\t\t\t\t<div class=\"elementor-icon-box-content\">\n\n\t\t\t\t\t\t\t\t\t<h3 class=\"elementor-icon-box-title\">\n\t\t\t\t\t\t<span  >\n\t\t\t\t\t\t\tRufen Sie an\t\t\t\t\t\t<\/span>\n\t\t\t\t\t<\/h3>\n\t\t\t\t\n\t\t\t\t\t\t\t\t\t<p class=\"elementor-icon-box-description\">\n\t\t\t\t\t\t+49 371 27955510\t\t\t\t\t<\/p>\n\t\t\t\t\n\t\t\t<\/div>\n\t\t\t\n\t\t<\/div>\n\t\t\t\t\t\t<\/div>\n\t\t\t\t<\/div>\n\t\t\t\t<\/div>\n\t\t<div class=\"elementor-element elementor-element-6de51a9c e-con-full e-flex e-con e-child\" data-id=\"6de51a9c\" data-element_type=\"container\" data-e-type=\"container\" data-settings=\"{&quot;background_background&quot;:&quot;classic&quot;}\">\n\t\t\t\t<div class=\"elementor-element elementor-element-66eebd10 elementor-view-default elementor-position-block-start elementor-mobile-position-block-start elementor-widget elementor-widget-icon-box\" data-id=\"66eebd10\" data-element_type=\"widget\" data-e-type=\"widget\" data-widget_type=\"icon-box.default\">\n\t\t\t\t<div class=\"elementor-widget-container\">\n\t\t\t\t\t\t\t<div class=\"elementor-icon-box-wrapper\">\n\n\t\t\t\t\t\t<div class=\"elementor-icon-box-icon\">\n\t\t\t\t<span  class=\"elementor-icon\">\n\t\t\t\t<svg xmlns=\"http:\/\/www.w3.org\/2000\/svg\" id=\"b9eca3d6-28bc-461d-b7b7-78a67414a1df\" data-name=\"Layer 1\" width=\"75\" height=\"66\" viewBox=\"0 0 75 66\"><path id=\"e8e1efff-1bb1-451f-968d-97e93845e0a0\" data-name=\"Fill-1-Copy-4\" d=\"M53.3653,19.386c-9.8693,32.2855,6.1235,31.8329-7.1389,41.2306A29.1943,29.1943,0,0,1,5.3387,53.4179a29.7533,29.7533,0,0,1,7.1385-41.23C25.74,2.79,63.2345-12.8994,53.3653,19.386\" style=\"fill-rule:evenodd;opacity:0.05\"><\/path><path d=\"M74.52,9.2018a1.1278,1.1278,0,0,0-1.2084-.05l-42.75,24.75a1.1255,1.1255,0,0,0,.2074,2.0415l12.9666,4.3219,4.3228,12.9657A1.1249,1.1249,0,0,0,49.1258,54a.6243.6243,0,0,0,.07-.0027,1.1227,1.1227,0,0,0,1.0324-.9023l.2909-1.4544,5.1976-6.9316,10.9659,4.7016a1.149,1.149,0,0,0,.9778-.0467,1.1246,1.1246,0,0,0,.5727-.7936l6.7495-38.25A1.1291,1.1291,0,0,0,74.52,9.2018ZM66.964,15.4257,44.47,38.1367,33.85,34.5981ZM50.7214,40.74a1.102,1.102,0,0,0-.4491.6647L48.8529,48.5,45.957,39.8141,64.9214,20.6664Zm.7069,6.3562.7787-3.8924,1.62.6944Zm14.8352-.3147L53.1592,41.1647l18.78-26.545Z\" style=\"fill-rule:evenodd\"><\/path><path d=\"M22.9834,47.3458a1.1471,1.1471,0,0,0-1.6417,0,1.1957,1.1957,0,0,0-.0028,1.671q.844.8586,1.714,1.6739a1.15,1.15,0,0,0,1.6417-.0736,1.1976,1.1976,0,0,0-.0714-1.671C24.068,48.4313,23.5211,47.8956,22.9834,47.3458Z\" style=\"fill-rule:evenodd\"><\/path><path d=\"M38.9842,55.841l-.495.0112a14.0366,14.0366,0,0,1-2.7556-.2777,1.1066,1.1066,0,0,0-1.3042.8374,1.0772,1.0772,0,0,0,.8621,1.2694A16.4754,16.4754,0,0,0,38.4892,58l.5744-.01a1.0885,1.0885,0,0,0,1.0641-1.1143A1.148,1.148,0,0,0,38.9842,55.841Z\" style=\"fill-rule:evenodd\"><\/path><path d=\"M31.06,53.9176a26.9481,26.9481,0,0,1-2.895-1.7117,1.1225,1.1225,0,0,0-1.54.2683,1.0535,1.0535,0,0,0,.2761,1.4939,28.4675,28.4675,0,0,0,3.1394,1.854,1.1223,1.1223,0,0,0,1.49-.4568A1.0583,1.0583,0,0,0,31.06,53.9176Z\" style=\"fill-rule:evenodd\"><\/path><path d=\"M46.011,53.19a19.0115,19.0115,0,0,1-2.2052,1.1667,1.3984,1.3984,0,0,0-.7014,1.804A1.32,1.32,0,0,0,44.32,57a1.2389,1.2389,0,0,0,.5139-.111A21.1869,21.1869,0,0,0,47.35,55.5641a1.4116,1.4116,0,0,0,.4687-1.8842A1.29,1.29,0,0,0,46.011,53.19Z\" style=\"fill-rule:evenodd\"><\/path><\/svg>\t\t\t\t<\/span>\n\t\t\t<\/div>\n\t\t\t\n\t\t\t\t\t\t<div class=\"elementor-icon-box-content\">\n\n\t\t\t\t\t\t\t\t\t<h3 class=\"elementor-icon-box-title\">\n\t\t\t\t\t\t<span  >\n\t\t\t\t\t\t\tschreiben Sie uns\t\t\t\t\t\t<\/span>\n\t\t\t\t\t<\/h3>\n\t\t\t\t\n\t\t\t\t\t\t\t\t\t<p class=\"elementor-icon-box-description\">\n\t\t\t\t\t\tinfo@slang.me\t\t\t\t\t<\/p>\n\t\t\t\t\n\t\t\t<\/div>\n\t\t\t\n\t\t<\/div>\n\t\t\t\t\t\t<\/div>\n\t\t\t\t<\/div>\n\t\t\t\t<\/div>\n\t\t\t\t<\/div>\n\t\t\t\t\t<\/div>\n\t\t\t\t<\/div>\n\t\t\t\t<\/div>\n\t\t","protected":false},"excerpt":{"rendered":"<p>WARUM Wie der Arbeitsmarkt sich bis 2025 entwickelt slang.me &#8211; Integrationsberatung und Sprachkurse f\u00fcr KMU Ausgangssituation Bis 2025 gehen deutschlandweit 20% aller Arbeitnehmer in Rente. In Ostdeutschland trifft dies sogar auf 26% aller Arbeitnehmer zu. Aus dem Handlungskonzept der Fachkr\u00e4fteallianz der Stadt Chemnitz geht hervor, da\u00df Chemnitz derzeit rund 119.000 sozialversicherungspflichtige Besch\u00e4ftigte hat. Daraus ergibt [&hellip;]<\/p>\n","protected":false},"author":1,"featured_media":0,"parent":0,"menu_order":0,"comment_status":"closed","ping_status":"closed","template":"elementor_header_footer","meta":{"footnotes":""},"class_list":["post-348","page","type-page","status-publish","hentry"],"jetpack_sharing_enabled":true,"_links":{"self":[{"href":"https:\/\/slang.me\/index.php\/wp-json\/wp\/v2\/pages\/348","targetHints":{"allow":["GET"]}}],"collection":[{"href":"https:\/\/slang.me\/index.php\/wp-json\/wp\/v2\/pages"}],"about":[{"href":"https:\/\/slang.me\/index.php\/wp-json\/wp\/v2\/types\/page"}],"author":[{"embeddable":true,"href":"https:\/\/slang.me\/index.php\/wp-json\/wp\/v2\/users\/1"}],"replies":[{"embeddable":true,"href":"https:\/\/slang.me\/index.php\/wp-json\/wp\/v2\/comments?post=348"}],"version-history":[{"count":10,"href":"https:\/\/slang.me\/index.php\/wp-json\/wp\/v2\/pages\/348\/revisions"}],"predecessor-version":[{"id":365,"href":"https:\/\/slang.me\/index.php\/wp-json\/wp\/v2\/pages\/348\/revisions\/365"}],"wp:attachment":[{"href":"https:\/\/slang.me\/index.php\/wp-json\/wp\/v2\/media?parent=348"}],"curies":[{"name":"wp","href":"https:\/\/api.w.org\/{rel}","templated":true}]}}